{"id":84,"date":"2019-01-21T21:04:46","date_gmt":"2019-01-22T02:04:46","guid":{"rendered":"https:\/\/lachapelleracingproducts.com\/?page_id=84"},"modified":"2019-12-10T21:30:36","modified_gmt":"2019-12-11T02:30:36","slug":"home","status":"publish","type":"page","link":"https:\/\/lachapelleracingproducts.com\/fr\/","title":{"rendered":"Accueil"},"content":{"rendered":"<table>\n<tbody>\n<tr>\n<td>\n<h1>LRP est le distributeur canadien officiel de<\/h1>\n<h3><span style=\"color: #808080;\">Accu-Products, Billet Racing Products, Brap Offroad, Bullet Proof Designs, Clarke Manufacturing, CV Products, D.H Gibbs, Dirt Tricks,\u00a0<\/span><span style=\"color: #808080;\">E-Line,\u00a0<\/span><span style=\"color: #808080;\">Enduro Engeenering, FASST Company, Flatland Racing, Fredette Racing, GPR Stabilizer, The Tugger Highline Recreations, IMS Products, JD Jetting, K&amp;P Engineering, Pro Moto Billet, SICASS Racing, Steahly Offroad, SRT Offroad, Terry Cable, Trail Tech, Warp 9 Racing.<\/span><\/h3>\n<p><button><a href=\"https:\/\/lachapelleracingproducts.com\/fr\/produits\/\">Voir les produits<\/a><\/button><\/td>\n<\/tr>\n<\/tbody>\n<\/table>\n<p><strong>Le propri\u00e9taire Allan Lachapelle cumule plusieurs ann\u00e9es d\u2019exp\u00e9rience de coureur en endurocross, ses ann\u00e9es de coureur sont couronn\u00e9es de nombreux de troph\u00e9es et titres de champion. Allan a terminer premier dans la classe Senior et troisi\u00e8me dans la Championnat FMSQ. Cette exp\u00e9rience est mise \u00e0 votre service afin de vous fournir les meilleurs pi\u00e8ces pour votre moto.<\/strong><\/p>\n<p><strong>Le site Web de LACHAPELLE RACING PRODUCTS permet de vous diriger vers l&rsquo;ensemble des produits pour chacune des lignes que nous distribuons.<\/strong><\/p>\n<h2><a href=\"https:\/\/lachapelleracingproducts.com\/fr\/services\/gpr-reparation\/\">La r\u00e9paration des stabilisateurs GPR est fait maintenant ici sur place! Veuillez les envoyer \u00e0 LRP.<\/a><\/h2>\n","protected":false},"excerpt":{"rendered":"<p>LRP est le distributeur canadien officiel de Accu-Products, Billet Racing Products, Brap Offroad, Bullet Proof Designs, Clarke Manufacturing, CV Products, D.H Gibbs, Dirt Tricks,\u00a0E-Line,\u00a0Enduro Engeenering, FASST Company, Flatland Racing, Fredette Racing, GPR Stabilizer, The Tugger Highline Recreations, IMS Products, JD Jetting, K&amp;P Engineering, Pro Moto Billet, SICASS Racing, Steahly Offroad, SRT Offroad, Terry Cable, Trail &hellip; <a href=\"https:\/\/lachapelleracingproducts.com\/fr\/\" class=\"more-link\">Continuer la lecture<span class=\"screen-reader-text\"> de &laquo;&nbsp;Accueil&nbsp;&raquo;<\/span><\/a><\/p>\n","protected":false},"author":2,"featured_media":680,"parent":0,"menu_order":0,"comment_status":"closed","ping_status":"closed","template":"","meta":{"_acf_changed":false,"footnotes":""},"class_list":["post-84","page","type-page","status-publish","has-post-thumbnail","hentry"],"acf":[],"yoast_head":"<!-- This site is optimized with the Yoast SEO plugin v26.9 - https:\/\/yoast.com\/product\/yoast-seo-wordpress\/ -->\n<title>Lachapelle Racing Products<\/title>\n<meta name=\"description\" content=\"La vaste exp\u00e9rience d&#039;Allan Lachapelle, comme coureur en endurocross est \u00e0 votre service pour vous fournir le meilleur \u00e9quipement disponible.\" \/>\n<meta name=\"robots\" content=\"index, follow, max-snippet:-1, max-image-preview:large, max-video-preview:-1\" \/>\n<link rel=\"canonical\" href=\"https:\/\/lachapelleracingproducts.com\/fr\/\" \/>\n<meta property=\"og:locale\" content=\"fr_FR\" \/>\n<meta property=\"og:type\" content=\"article\" \/>\n<meta property=\"og:title\" content=\"Lachapelle Racing Products\" \/>\n<meta property=\"og:description\" content=\"La vaste exp\u00e9rience d&#039;Allan Lachapelle, comme coureur en endurocross est \u00e0 votre service pour vous fournir le meilleur \u00e9quipement disponible.\" \/>\n<meta property=\"og:url\" content=\"https:\/\/lachapelleracingproducts.com\/fr\/\" \/>\n<meta property=\"og:site_name\" content=\"Lachapelle Racing Products\" \/>\n<meta property=\"article:publisher\" content=\"https:\/\/www.facebook.com\/lachapelleracingproducts\/\" \/>\n<meta property=\"article:modified_time\" content=\"2019-12-11T02:30:36+00:00\" \/>\n<meta property=\"og:image\" content=\"https:\/\/lachapelleracingproducts.com\/wp-content\/uploads\/2019\/03\/lachapelle-2.jpg\" \/>\n\t<meta property=\"og:image:width\" content=\"1920\" \/>\n\t<meta property=\"og:image:height\" content=\"752\" \/>\n\t<meta property=\"og:image:type\" content=\"image\/jpeg\" \/>\n<meta name=\"twitter:card\" content=\"summary_large_image\" \/>\n<meta name=\"twitter:label1\" content=\"Dur\u00e9e de lecture estim\u00e9e\" \/>\n\t<meta name=\"twitter:data1\" content=\"1 minute\" \/>\n<script type=\"application\/ld+json\" class=\"yoast-schema-graph\">{\"@context\":\"https:\/\/schema.org\",\"@graph\":[{\"@type\":\"WebPage\",\"@id\":\"https:\/\/lachapelleracingproducts.com\/fr\/\",\"url\":\"https:\/\/lachapelleracingproducts.com\/fr\/\",\"name\":\"Lachapelle Racing Products\",\"isPartOf\":{\"@id\":\"https:\/\/lachapelleracingproducts.com\/#website\"},\"primaryImageOfPage\":{\"@id\":\"https:\/\/lachapelleracingproducts.com\/fr\/#primaryimage\"},\"image\":{\"@id\":\"https:\/\/lachapelleracingproducts.com\/fr\/#primaryimage\"},\"thumbnailUrl\":\"https:\/\/lachapelleracingproducts.com\/wp-content\/uploads\/2019\/03\/lachapelle-2.jpg\",\"datePublished\":\"2019-01-22T02:04:46+00:00\",\"dateModified\":\"2019-12-11T02:30:36+00:00\",\"description\":\"La vaste exp\u00e9rience d'Allan Lachapelle, comme coureur en endurocross est \u00e0 votre service pour vous fournir le meilleur \u00e9quipement disponible.\",\"breadcrumb\":{\"@id\":\"https:\/\/lachapelleracingproducts.com\/fr\/#breadcrumb\"},\"inLanguage\":\"fr-FR\",\"potentialAction\":[{\"@type\":\"ReadAction\",\"target\":[\"https:\/\/lachapelleracingproducts.com\/fr\/\"]}]},{\"@type\":\"ImageObject\",\"inLanguage\":\"fr-FR\",\"@id\":\"https:\/\/lachapelleracingproducts.com\/fr\/#primaryimage\",\"url\":\"https:\/\/lachapelleracingproducts.com\/wp-content\/uploads\/2019\/03\/lachapelle-2.jpg\",\"contentUrl\":\"https:\/\/lachapelleracingproducts.com\/wp-content\/uploads\/2019\/03\/lachapelle-2.jpg\",\"width\":1920,\"height\":752},{\"@type\":\"BreadcrumbList\",\"@id\":\"https:\/\/lachapelleracingproducts.com\/fr\/#breadcrumb\",\"itemListElement\":[{\"@type\":\"ListItem\",\"position\":1,\"name\":\"Home\",\"item\":\"https:\/\/lachapelleracingproducts.com\/fr\/\"},{\"@type\":\"ListItem\",\"position\":2,\"name\":\"Accueil\"}]},{\"@type\":\"WebSite\",\"@id\":\"https:\/\/lachapelleracingproducts.com\/#website\",\"url\":\"https:\/\/lachapelleracingproducts.com\/\",\"name\":\"Lachapelle Racing Products\",\"description\":\"Votre distributeur canadien de pi\u00e8ces endurocross\",\"publisher\":{\"@id\":\"https:\/\/lachapelleracingproducts.com\/#organization\"},\"potentialAction\":[{\"@type\":\"SearchAction\",\"target\":{\"@type\":\"EntryPoint\",\"urlTemplate\":\"https:\/\/lachapelleracingproducts.com\/?s={search_term_string}\"},\"query-input\":{\"@type\":\"PropertyValueSpecification\",\"valueRequired\":true,\"valueName\":\"search_term_string\"}}],\"inLanguage\":\"fr-FR\"},{\"@type\":\"Organization\",\"@id\":\"https:\/\/lachapelleracingproducts.com\/#organization\",\"name\":\"Lachapelle Racing Products\",\"url\":\"https:\/\/lachapelleracingproducts.com\/\",\"logo\":{\"@type\":\"ImageObject\",\"inLanguage\":\"fr-FR\",\"@id\":\"https:\/\/lachapelleracingproducts.com\/#\/schema\/logo\/image\/\",\"url\":\"https:\/\/lachapelleracingproducts.com\/wp-content\/uploads\/2019\/03\/lrp-logo-300dpi.png\",\"contentUrl\":\"https:\/\/lachapelleracingproducts.com\/wp-content\/uploads\/2019\/03\/lrp-logo-300dpi.png\",\"width\":643,\"height\":208,\"caption\":\"Lachapelle Racing Products\"},\"image\":{\"@id\":\"https:\/\/lachapelleracingproducts.com\/#\/schema\/logo\/image\/\"},\"sameAs\":[\"https:\/\/www.facebook.com\/lachapelleracingproducts\/\"]}]}<\/script>\n<!-- \/ Yoast SEO plugin. -->","yoast_head_json":{"title":"Lachapelle Racing Products","description":"La vaste exp\u00e9rience d'Allan Lachapelle, comme coureur en endurocross est \u00e0 votre service pour vous fournir le meilleur \u00e9quipement disponible.","robots":{"index":"index","follow":"follow","max-snippet":"max-snippet:-1","max-image-preview":"max-image-preview:large","max-video-preview":"max-video-preview:-1"},"canonical":"https:\/\/lachapelleracingproducts.com\/fr\/","og_locale":"fr_FR","og_type":"article","og_title":"Lachapelle Racing Products","og_description":"La vaste exp\u00e9rience d'Allan Lachapelle, comme coureur en endurocross est \u00e0 votre service pour vous fournir le meilleur \u00e9quipement disponible.","og_url":"https:\/\/lachapelleracingproducts.com\/fr\/","og_site_name":"Lachapelle Racing Products","article_publisher":"https:\/\/www.facebook.com\/lachapelleracingproducts\/","article_modified_time":"2019-12-11T02:30:36+00:00","og_image":[{"width":1920,"height":752,"url":"https:\/\/lachapelleracingproducts.com\/wp-content\/uploads\/2019\/03\/lachapelle-2.jpg","type":"image\/jpeg"}],"twitter_card":"summary_large_image","twitter_misc":{"Dur\u00e9e de lecture estim\u00e9e":"1 minute"},"schema":{"@context":"https:\/\/schema.org","@graph":[{"@type":"WebPage","@id":"https:\/\/lachapelleracingproducts.com\/fr\/","url":"https:\/\/lachapelleracingproducts.com\/fr\/","name":"Lachapelle Racing Products","isPartOf":{"@id":"https:\/\/lachapelleracingproducts.com\/#website"},"primaryImageOfPage":{"@id":"https:\/\/lachapelleracingproducts.com\/fr\/#primaryimage"},"image":{"@id":"https:\/\/lachapelleracingproducts.com\/fr\/#primaryimage"},"thumbnailUrl":"https:\/\/lachapelleracingproducts.com\/wp-content\/uploads\/2019\/03\/lachapelle-2.jpg","datePublished":"2019-01-22T02:04:46+00:00","dateModified":"2019-12-11T02:30:36+00:00","description":"La vaste exp\u00e9rience d'Allan Lachapelle, comme coureur en endurocross est \u00e0 votre service pour vous fournir le meilleur \u00e9quipement disponible.","breadcrumb":{"@id":"https:\/\/lachapelleracingproducts.com\/fr\/#breadcrumb"},"inLanguage":"fr-FR","potentialAction":[{"@type":"ReadAction","target":["https:\/\/lachapelleracingproducts.com\/fr\/"]}]},{"@type":"ImageObject","inLanguage":"fr-FR","@id":"https:\/\/lachapelleracingproducts.com\/fr\/#primaryimage","url":"https:\/\/lachapelleracingproducts.com\/wp-content\/uploads\/2019\/03\/lachapelle-2.jpg","contentUrl":"https:\/\/lachapelleracingproducts.com\/wp-content\/uploads\/2019\/03\/lachapelle-2.jpg","width":1920,"height":752},{"@type":"BreadcrumbList","@id":"https:\/\/lachapelleracingproducts.com\/fr\/#breadcrumb","itemListElement":[{"@type":"ListItem","position":1,"name":"Home","item":"https:\/\/lachapelleracingproducts.com\/fr\/"},{"@type":"ListItem","position":2,"name":"Accueil"}]},{"@type":"WebSite","@id":"https:\/\/lachapelleracingproducts.com\/#website","url":"https:\/\/lachapelleracingproducts.com\/","name":"Lachapelle Racing Products","description":"Votre distributeur canadien de pi\u00e8ces endurocross","publisher":{"@id":"https:\/\/lachapelleracingproducts.com\/#organization"},"potentialAction":[{"@type":"SearchAction","target":{"@type":"EntryPoint","urlTemplate":"https:\/\/lachapelleracingproducts.com\/?s={search_term_string}"},"query-input":{"@type":"PropertyValueSpecification","valueRequired":true,"valueName":"search_term_string"}}],"inLanguage":"fr-FR"},{"@type":"Organization","@id":"https:\/\/lachapelleracingproducts.com\/#organization","name":"Lachapelle Racing Products","url":"https:\/\/lachapelleracingproducts.com\/","logo":{"@type":"ImageObject","inLanguage":"fr-FR","@id":"https:\/\/lachapelleracingproducts.com\/#\/schema\/logo\/image\/","url":"https:\/\/lachapelleracingproducts.com\/wp-content\/uploads\/2019\/03\/lrp-logo-300dpi.png","contentUrl":"https:\/\/lachapelleracingproducts.com\/wp-content\/uploads\/2019\/03\/lrp-logo-300dpi.png","width":643,"height":208,"caption":"Lachapelle Racing Products"},"image":{"@id":"https:\/\/lachapelleracingproducts.com\/#\/schema\/logo\/image\/"},"sameAs":["https:\/\/www.facebook.com\/lachapelleracingproducts\/"]}]}},"_links":{"self":[{"href":"https:\/\/lachapelleracingproducts.com\/fr\/wp-json\/wp\/v2\/pages\/84","targetHints":{"allow":["GET"]}}],"collection":[{"href":"https:\/\/lachapelleracingproducts.com\/fr\/wp-json\/wp\/v2\/pages"}],"about":[{"href":"https:\/\/lachapelleracingproducts.com\/fr\/wp-json\/wp\/v2\/types\/page"}],"author":[{"embeddable":true,"href":"https:\/\/lachapelleracingproducts.com\/fr\/wp-json\/wp\/v2\/users\/2"}],"replies":[{"embeddable":true,"href":"https:\/\/lachapelleracingproducts.com\/fr\/wp-json\/wp\/v2\/comments?post=84"}],"version-history":[{"count":14,"href":"https:\/\/lachapelleracingproducts.com\/fr\/wp-json\/wp\/v2\/pages\/84\/revisions"}],"predecessor-version":[{"id":698,"href":"https:\/\/lachapelleracingproducts.com\/fr\/wp-json\/wp\/v2\/pages\/84\/revisions\/698"}],"wp:featuredmedia":[{"embeddable":true,"href":"https:\/\/lachapelleracingproducts.com\/fr\/wp-json\/wp\/v2\/media\/680"}],"wp:attachment":[{"href":"https:\/\/lachapelleracingproducts.com\/fr\/wp-json\/wp\/v2\/media?parent=84"}],"curies":[{"name":"wp","href":"https:\/\/api.w.org\/{rel}","templated":true}]}}