{"id":529,"date":"2019-02-04T09:58:25","date_gmt":"2019-02-04T14:58:25","guid":{"rendered":"https:\/\/lachapelleracingproducts.com\/?page_id=529"},"modified":"2019-12-10T21:31:01","modified_gmt":"2019-12-11T02:31:01","slug":"contactez-nous","status":"publish","type":"page","link":"https:\/\/lachapelleracingproducts.com\/fr\/contactez-nous\/","title":{"rendered":"Contactez-nous"},"content":{"rendered":"<div class=\"gauche section\">\n<div class=\"sub-section-gauche section\">\n<h2><i class=\"fas fa-phone\"><\/i>T\u00e9l\u00e9phone<\/h2>\n<h2><a href=\"tel:+14502923170\">+1 450 292-3170<\/a><\/h2>\n<p>Pour commander vos pi\u00e8ces, si vous avez des questions, pour savoir ce qui vous convient le mieux, appelez-nous d\u00e8s maintenant! Avec plus de 20 ans sur le march\u00e9 et sur la moto, nous pourrons grandement vous aider.<\/p>\n<\/div>\n<div class=\"sub-section-gauche section\">\n<h2><i class=\"fas fa-map-marker-alt\"><\/i>Adresse<\/h2>\n<p>387 Chemin du Lac<br \/>\nMansonville , QC<br \/>\nJ0E1X0<\/p>\n<\/div>\n<div class=\"sub-section-gauche section\">\n<h2><i class=\"fas fa-image\"><\/i>Logo LRP<\/h2>\n<p>Logo en haute r\u00e9solution<\/p>\n<p><a class=\"button\" href=\"https:\/\/lachapelleracingproducts.com\/wp-content\/uploads\/2019\/03\/lrp-logo-300dpi.png\" target=\"_blank\" rel=\"noopener noreferrer\" download=\"\">T\u00c9L\u00c9CHARGER<\/a><\/p>\n<\/div>\n<\/div>\n<div class=\"email section\">\n<h2><i class=\"fas fa-envelope\"><\/i>Courriel<\/h2>\n<p>Si vous avez des questions, vous pouvez nous envoyer votre message en remplissant les champs ici-bas. Nous serons tr\u00e8s heureux d&rsquo;avoir de vos nouvelles.<\/p>\n\n<div class=\"wpcf7 no-js\" id=\"wpcf7-f535-o1\" lang=\"en-CA\" dir=\"ltr\" data-wpcf7-id=\"535\">\n<div class=\"screen-reader-response\"><p role=\"status\" aria-live=\"polite\" aria-atomic=\"true\"><\/p> <ul><\/ul><\/div>\n<form action=\"\/fr\/wp-json\/wp\/v2\/pages\/529#wpcf7-f535-o1\" method=\"post\" class=\"wpcf7-form init\" aria-label=\"Contact form\" novalidate=\"novalidate\" data-status=\"init\">\n<fieldset class=\"hidden-fields-container\"><input type=\"hidden\" name=\"_wpcf7\" value=\"535\" \/><input type=\"hidden\" name=\"_wpcf7_version\" value=\"6.1.5\" \/><input type=\"hidden\" name=\"_wpcf7_locale\" value=\"en_CA\" \/><input type=\"hidden\" name=\"_wpcf7_unit_tag\" value=\"wpcf7-f535-o1\" \/><input type=\"hidden\" name=\"_wpcf7_container_post\" value=\"0\" \/><input type=\"hidden\" name=\"_wpcf7_posted_data_hash\" value=\"\" \/>\n<\/fieldset>\n<p><label><span class=\"wpcf7-form-control-wrap\" data-name=\"your-name\"><input size=\"40\" maxlength=\"400\" class=\"wpcf7-form-control wpcf7-text wpcf7-validates-as-required\" aria-required=\"true\" aria-invalid=\"false\" placeholder=\"Inscrire votre nom*\" value=\"\" type=\"text\" name=\"your-name\" \/><\/span><\/label><br \/>\n<span id=\"wpcf7-6a044be1a87ae-wrapper\" class=\"wpcf7-form-control-wrap autre-nom-wrap\" style=\"display:none !important; visibility:hidden !important;\"><label for=\"wpcf7-6a044be1a87ae-field\" class=\"hp-message\">Please leave this field empty.<\/label><input id=\"wpcf7-6a044be1a87ae-field\"  class=\"wpcf7-form-control wpcf7-text\" type=\"text\" name=\"autre-nom\" value=\"\" size=\"40\" tabindex=\"-1\" autocomplete=\"new-password\" \/><\/span>\n<\/p>\n<p><label><span class=\"wpcf7-form-control-wrap\" data-name=\"your-email\"><input size=\"40\" maxlength=\"400\" class=\"wpcf7-form-control wpcf7-email wpcf7-validates-as-required wpcf7-text wpcf7-validates-as-email\" aria-required=\"true\" aria-invalid=\"false\" placeholder=\"Inscrire votre courriel*\" value=\"\" type=\"email\" name=\"your-email\" \/><\/span><\/label>\n<\/p>\n<p><label><span class=\"wpcf7-form-control-wrap\" data-name=\"your-message\"><textarea cols=\"40\" rows=\"10\" maxlength=\"2000\" class=\"wpcf7-form-control wpcf7-textarea\" aria-invalid=\"false\" placeholder=\"Inscrire votre message\" name=\"your-message\"><\/textarea><\/span><\/label>\n<\/p>\n<p><input class=\"wpcf7-form-control wpcf7-submit has-spinner\" type=\"submit\" value=\"Envoyer\" \/>\n<\/p><p style=\"display: none !important;\" class=\"akismet-fields-container\" data-prefix=\"_wpcf7_ak_\"><label>&#916;<textarea name=\"_wpcf7_ak_hp_textarea\" cols=\"45\" rows=\"8\" maxlength=\"100\"><\/textarea><\/label><input type=\"hidden\" id=\"ak_js_1\" name=\"_wpcf7_ak_js\" value=\"239\"\/><script>\ndocument.getElementById( \"ak_js_1\" ).setAttribute( \"value\", ( new Date() ).getTime() );\n<\/script>\n<\/p><div class=\"wpcf7-response-output\" aria-hidden=\"true\"><\/div>\n<\/form>\n<\/div>\n\n<\/div>\n","protected":false},"excerpt":{"rendered":"<p>T\u00e9l\u00e9phone +1 450 292-3170 Pour commander vos pi\u00e8ces, si vous avez des questions, pour savoir ce qui vous convient le mieux, appelez-nous d\u00e8s maintenant! Avec plus de 20 ans sur le march\u00e9 et sur la moto, nous pourrons grandement vous aider. Adresse 387 Chemin du Lac Mansonville , QC J0E1X0 Logo LRP Logo en haute &hellip; <a href=\"https:\/\/lachapelleracingproducts.com\/fr\/contactez-nous\/\" class=\"more-link\">Continuer la lecture<span class=\"screen-reader-text\"> de &laquo;&nbsp;Contactez-nous&nbsp;&raquo;<\/span><\/a><\/p>\n","protected":false},"author":2,"featured_media":102,"parent":0,"menu_order":5,"comment_status":"closed","ping_status":"closed","template":"","meta":{"_acf_changed":false,"footnotes":""},"class_list":["post-529","page","type-page","status-publish","has-post-thumbnail","hentry"],"acf":[],"yoast_head":"<!-- This site is optimized with the Yoast SEO plugin v27.5 - https:\/\/yoast.com\/product\/yoast-seo-wordpress\/ -->\n<title>Contactez-nous - Lachapelle Racing Products<\/title>\n<meta name=\"description\" content=\"Pour savoir ce qui vous convient le mieux, contactez-nous. Avec plus de 20 ans sur le march\u00e9 et sur la moto, nous pourrons grandement vous aider.\" \/>\n<meta name=\"robots\" content=\"index, follow, max-snippet:-1, max-image-preview:large, max-video-preview:-1\" \/>\n<link rel=\"canonical\" href=\"https:\/\/lachapelleracingproducts.com\/fr\/contactez-nous\/\" \/>\n<meta property=\"og:locale\" content=\"fr_FR\" \/>\n<meta property=\"og:type\" content=\"article\" \/>\n<meta property=\"og:title\" content=\"Contactez-nous - Lachapelle Racing Products\" \/>\n<meta property=\"og:description\" content=\"Pour savoir ce qui vous convient le mieux, contactez-nous. Avec plus de 20 ans sur le march\u00e9 et sur la moto, nous pourrons grandement vous aider.\" \/>\n<meta property=\"og:url\" content=\"https:\/\/lachapelleracingproducts.com\/fr\/contactez-nous\/\" \/>\n<meta property=\"og:site_name\" content=\"Lachapelle Racing Products\" \/>\n<meta property=\"article:publisher\" content=\"https:\/\/www.facebook.com\/lachapelleracingproducts\/\" \/>\n<meta property=\"article:modified_time\" content=\"2019-12-11T02:31:01+00:00\" \/>\n<meta property=\"og:image\" content=\"https:\/\/lachapelleracingproducts.com\/wp-content\/uploads\/2019\/01\/Handshake.jpg\" \/>\n\t<meta property=\"og:image:width\" content=\"861\" \/>\n\t<meta property=\"og:image:height\" content=\"265\" \/>\n\t<meta property=\"og:image:type\" content=\"image\/jpeg\" \/>\n<meta name=\"twitter:card\" content=\"summary_large_image\" \/>\n<script type=\"application\/ld+json\" class=\"yoast-schema-graph\">{\"@context\":\"https:\\\/\\\/schema.org\",\"@graph\":[{\"@type\":\"WebPage\",\"@id\":\"https:\\\/\\\/lachapelleracingproducts.com\\\/fr\\\/contactez-nous\\\/\",\"url\":\"https:\\\/\\\/lachapelleracingproducts.com\\\/fr\\\/contactez-nous\\\/\",\"name\":\"Contactez-nous - Lachapelle Racing Products\",\"isPartOf\":{\"@id\":\"https:\\\/\\\/lachapelleracingproducts.com\\\/#website\"},\"primaryImageOfPage\":{\"@id\":\"https:\\\/\\\/lachapelleracingproducts.com\\\/fr\\\/contactez-nous\\\/#primaryimage\"},\"image\":{\"@id\":\"https:\\\/\\\/lachapelleracingproducts.com\\\/fr\\\/contactez-nous\\\/#primaryimage\"},\"thumbnailUrl\":\"https:\\\/\\\/lachapelleracingproducts.com\\\/wp-content\\\/uploads\\\/2019\\\/01\\\/Handshake.jpg\",\"datePublished\":\"2019-02-04T14:58:25+00:00\",\"dateModified\":\"2019-12-11T02:31:01+00:00\",\"description\":\"Pour savoir ce qui vous convient le mieux, contactez-nous. Avec plus de 20 ans sur le march\u00e9 et sur la moto, nous pourrons grandement vous aider.\",\"breadcrumb\":{\"@id\":\"https:\\\/\\\/lachapelleracingproducts.com\\\/fr\\\/contactez-nous\\\/#breadcrumb\"},\"inLanguage\":\"fr-FR\",\"potentialAction\":[{\"@type\":\"ReadAction\",\"target\":[\"https:\\\/\\\/lachapelleracingproducts.com\\\/fr\\\/contactez-nous\\\/\"]}]},{\"@type\":\"ImageObject\",\"inLanguage\":\"fr-FR\",\"@id\":\"https:\\\/\\\/lachapelleracingproducts.com\\\/fr\\\/contactez-nous\\\/#primaryimage\",\"url\":\"https:\\\/\\\/lachapelleracingproducts.com\\\/wp-content\\\/uploads\\\/2019\\\/01\\\/Handshake.jpg\",\"contentUrl\":\"https:\\\/\\\/lachapelleracingproducts.com\\\/wp-content\\\/uploads\\\/2019\\\/01\\\/Handshake.jpg\",\"width\":861,\"height\":265},{\"@type\":\"BreadcrumbList\",\"@id\":\"https:\\\/\\\/lachapelleracingproducts.com\\\/fr\\\/contactez-nous\\\/#breadcrumb\",\"itemListElement\":[{\"@type\":\"ListItem\",\"position\":1,\"name\":\"Home\",\"item\":\"https:\\\/\\\/lachapelleracingproducts.com\\\/fr\\\/\"},{\"@type\":\"ListItem\",\"position\":2,\"name\":\"Contactez-nous\"}]},{\"@type\":\"WebSite\",\"@id\":\"https:\\\/\\\/lachapelleracingproducts.com\\\/#website\",\"url\":\"https:\\\/\\\/lachapelleracingproducts.com\\\/\",\"name\":\"Lachapelle Racing Products\",\"description\":\"Votre distributeur canadien de pi\u00e8ces endurocross\",\"publisher\":{\"@id\":\"https:\\\/\\\/lachapelleracingproducts.com\\\/#organization\"},\"potentialAction\":[{\"@type\":\"SearchAction\",\"target\":{\"@type\":\"EntryPoint\",\"urlTemplate\":\"https:\\\/\\\/lachapelleracingproducts.com\\\/?s={search_term_string}\"},\"query-input\":{\"@type\":\"PropertyValueSpecification\",\"valueRequired\":true,\"valueName\":\"search_term_string\"}}],\"inLanguage\":\"fr-FR\"},{\"@type\":\"Organization\",\"@id\":\"https:\\\/\\\/lachapelleracingproducts.com\\\/#organization\",\"name\":\"Lachapelle Racing Products\",\"url\":\"https:\\\/\\\/lachapelleracingproducts.com\\\/\",\"logo\":{\"@type\":\"ImageObject\",\"inLanguage\":\"fr-FR\",\"@id\":\"https:\\\/\\\/lachapelleracingproducts.com\\\/#\\\/schema\\\/logo\\\/image\\\/\",\"url\":\"https:\\\/\\\/lachapelleracingproducts.com\\\/wp-content\\\/uploads\\\/2019\\\/03\\\/lrp-logo-300dpi.png\",\"contentUrl\":\"https:\\\/\\\/lachapelleracingproducts.com\\\/wp-content\\\/uploads\\\/2019\\\/03\\\/lrp-logo-300dpi.png\",\"width\":643,\"height\":208,\"caption\":\"Lachapelle Racing Products\"},\"image\":{\"@id\":\"https:\\\/\\\/lachapelleracingproducts.com\\\/#\\\/schema\\\/logo\\\/image\\\/\"},\"sameAs\":[\"https:\\\/\\\/www.facebook.com\\\/lachapelleracingproducts\\\/\"]}]}<\/script>\n<!-- \/ Yoast SEO plugin. -->","yoast_head_json":{"title":"Contactez-nous - Lachapelle Racing Products","description":"Pour savoir ce qui vous convient le mieux, contactez-nous. Avec plus de 20 ans sur le march\u00e9 et sur la moto, nous pourrons grandement vous aider.","robots":{"index":"index","follow":"follow","max-snippet":"max-snippet:-1","max-image-preview":"max-image-preview:large","max-video-preview":"max-video-preview:-1"},"canonical":"https:\/\/lachapelleracingproducts.com\/fr\/contactez-nous\/","og_locale":"fr_FR","og_type":"article","og_title":"Contactez-nous - Lachapelle Racing Products","og_description":"Pour savoir ce qui vous convient le mieux, contactez-nous. Avec plus de 20 ans sur le march\u00e9 et sur la moto, nous pourrons grandement vous aider.","og_url":"https:\/\/lachapelleracingproducts.com\/fr\/contactez-nous\/","og_site_name":"Lachapelle Racing Products","article_publisher":"https:\/\/www.facebook.com\/lachapelleracingproducts\/","article_modified_time":"2019-12-11T02:31:01+00:00","og_image":[{"width":861,"height":265,"url":"https:\/\/lachapelleracingproducts.com\/wp-content\/uploads\/2019\/01\/Handshake.jpg","type":"image\/jpeg"}],"twitter_card":"summary_large_image","schema":{"@context":"https:\/\/schema.org","@graph":[{"@type":"WebPage","@id":"https:\/\/lachapelleracingproducts.com\/fr\/contactez-nous\/","url":"https:\/\/lachapelleracingproducts.com\/fr\/contactez-nous\/","name":"Contactez-nous - Lachapelle Racing Products","isPartOf":{"@id":"https:\/\/lachapelleracingproducts.com\/#website"},"primaryImageOfPage":{"@id":"https:\/\/lachapelleracingproducts.com\/fr\/contactez-nous\/#primaryimage"},"image":{"@id":"https:\/\/lachapelleracingproducts.com\/fr\/contactez-nous\/#primaryimage"},"thumbnailUrl":"https:\/\/lachapelleracingproducts.com\/wp-content\/uploads\/2019\/01\/Handshake.jpg","datePublished":"2019-02-04T14:58:25+00:00","dateModified":"2019-12-11T02:31:01+00:00","description":"Pour savoir ce qui vous convient le mieux, contactez-nous. Avec plus de 20 ans sur le march\u00e9 et sur la moto, nous pourrons grandement vous aider.","breadcrumb":{"@id":"https:\/\/lachapelleracingproducts.com\/fr\/contactez-nous\/#breadcrumb"},"inLanguage":"fr-FR","potentialAction":[{"@type":"ReadAction","target":["https:\/\/lachapelleracingproducts.com\/fr\/contactez-nous\/"]}]},{"@type":"ImageObject","inLanguage":"fr-FR","@id":"https:\/\/lachapelleracingproducts.com\/fr\/contactez-nous\/#primaryimage","url":"https:\/\/lachapelleracingproducts.com\/wp-content\/uploads\/2019\/01\/Handshake.jpg","contentUrl":"https:\/\/lachapelleracingproducts.com\/wp-content\/uploads\/2019\/01\/Handshake.jpg","width":861,"height":265},{"@type":"BreadcrumbList","@id":"https:\/\/lachapelleracingproducts.com\/fr\/contactez-nous\/#breadcrumb","itemListElement":[{"@type":"ListItem","position":1,"name":"Home","item":"https:\/\/lachapelleracingproducts.com\/fr\/"},{"@type":"ListItem","position":2,"name":"Contactez-nous"}]},{"@type":"WebSite","@id":"https:\/\/lachapelleracingproducts.com\/#website","url":"https:\/\/lachapelleracingproducts.com\/","name":"Lachapelle Racing Products","description":"Votre distributeur canadien de pi\u00e8ces endurocross","publisher":{"@id":"https:\/\/lachapelleracingproducts.com\/#organization"},"potentialAction":[{"@type":"SearchAction","target":{"@type":"EntryPoint","urlTemplate":"https:\/\/lachapelleracingproducts.com\/?s={search_term_string}"},"query-input":{"@type":"PropertyValueSpecification","valueRequired":true,"valueName":"search_term_string"}}],"inLanguage":"fr-FR"},{"@type":"Organization","@id":"https:\/\/lachapelleracingproducts.com\/#organization","name":"Lachapelle Racing Products","url":"https:\/\/lachapelleracingproducts.com\/","logo":{"@type":"ImageObject","inLanguage":"fr-FR","@id":"https:\/\/lachapelleracingproducts.com\/#\/schema\/logo\/image\/","url":"https:\/\/lachapelleracingproducts.com\/wp-content\/uploads\/2019\/03\/lrp-logo-300dpi.png","contentUrl":"https:\/\/lachapelleracingproducts.com\/wp-content\/uploads\/2019\/03\/lrp-logo-300dpi.png","width":643,"height":208,"caption":"Lachapelle Racing Products"},"image":{"@id":"https:\/\/lachapelleracingproducts.com\/#\/schema\/logo\/image\/"},"sameAs":["https:\/\/www.facebook.com\/lachapelleracingproducts\/"]}]}},"_links":{"self":[{"href":"https:\/\/lachapelleracingproducts.com\/fr\/wp-json\/wp\/v2\/pages\/529","targetHints":{"allow":["GET"]}}],"collection":[{"href":"https:\/\/lachapelleracingproducts.com\/fr\/wp-json\/wp\/v2\/pages"}],"about":[{"href":"https:\/\/lachapelleracingproducts.com\/fr\/wp-json\/wp\/v2\/types\/page"}],"author":[{"embeddable":true,"href":"https:\/\/lachapelleracingproducts.com\/fr\/wp-json\/wp\/v2\/users\/2"}],"replies":[{"embeddable":true,"href":"https:\/\/lachapelleracingproducts.com\/fr\/wp-json\/wp\/v2\/comments?post=529"}],"version-history":[{"count":15,"href":"https:\/\/lachapelleracingproducts.com\/fr\/wp-json\/wp\/v2\/pages\/529\/revisions"}],"predecessor-version":[{"id":700,"href":"https:\/\/lachapelleracingproducts.com\/fr\/wp-json\/wp\/v2\/pages\/529\/revisions\/700"}],"wp:featuredmedia":[{"embeddable":true,"href":"https:\/\/lachapelleracingproducts.com\/fr\/wp-json\/wp\/v2\/media\/102"}],"wp:attachment":[{"href":"https:\/\/lachapelleracingproducts.com\/fr\/wp-json\/wp\/v2\/media?parent=529"}],"curies":[{"name":"wp","href":"https:\/\/api.w.org\/{rel}","templated":true}]}}